{"id":344,"date":"2016-02-17T20:39:07","date_gmt":"2016-02-17T19:39:07","guid":{"rendered":"http:\/\/chateau-coutet.wine\/?page_id=344&#038;lang=en"},"modified":"2023-04-27T16:30:48","modified_gmt":"2023-04-27T15:30:48","slug":"the-domain","status":"publish","type":"page","link":"https:\/\/chateau-coutet.com\/en\/","title":{"rendered":"The Domain"},"content":{"rendered":"<p><!--[vc_row full_width=\"stretch_row\" video_bg=\"yes\" video_bg_url=\"https:\/\/www.youtube.com\/watch?v=qIh0VsmyJ70\" video_bg_parallax=\"content-moving\"][vc_column][vc_empty_space height=\"500px\"][\/vc_column][\/vc_row]-->[vc_row full_width=&#8221;stretch_row_content&#8221; content_placement=&#8221;middle&#8221; parallax=&#8221;content-moving&#8221; parallax_image=&#8221;98&#8243; css=&#8221;.vc_custom_1454329108712{background-position: center;background-repeat: no-repeat !important;background-size: cover !important;}&#8221;][vc_column width=&#8221;1\/6&#8243;][\/vc_column][vc_column width=&#8221;2\/3&#8243;][vc_column_text css_animation=&#8221;bottom-to-top&#8221; el_class=&#8221;white-text&#8221;]<\/p>\n<h2 style=\"text-align: center;\">The&nbsp;Terroir<\/h2>\n<p>[\/vc_column_text][vc_column_text css_animation=&#8221;bottom-to-top&#8221; el_class=&#8221;white-text&#8221;]Chateau Coutet vineyard is established on the first hill of Saint-\u00c9milion, half a kilometre away from the village. Coutet\u2019s closest neighbours are all prestigious ch\u00e2teaux.<\/p>\n<p>Its vines have always been grown with the higher respect of the <i><em>terroir<\/em><\/i> and nature, as a result of which it obtained the organic certification in 2012. A walk among Coutet\u2019s vines helps understand why the Saint-\u00c9milion landscape is listed as a UNESCO World Heritage site.<\/p>\n<p>The density of plantation is about 6,000 vines\/ha. The vine population is made up of 60% merlot, 30% bouchet (cabernet franc), 5% cabernet sauvignon and, as a touch of originality, 5% pressac (local malbec).<\/p>\n<p>The vines are 38 years old on average.[\/vc_column_text][\/vc_column][vc_column width=&#8221;1\/6&#8243;][\/vc_column][\/vc_row][vc_row full_width=&#8221;stretch_row_content&#8221; content_placement=&#8221;middle&#8221; parallax=&#8221;content-moving&#8221; parallax_image=&#8221;101&#8243;][vc_column width=&#8221;1\/6&#8243;][\/vc_column][vc_column width=&#8221;2\/3&#8243;][vc_column_text css_animation=&#8221;bottom-to-top&#8221; el_class=&#8221;white-text&#8221;]<\/p>\n<h2 style=\"text-align: center;\">The&nbsp;culture<\/h2>\n<p>[\/vc_column_text][vc_column_text css_animation=&#8221;bottom-to-top&#8221; el_class=&#8221;white-text&#8221;]<strong><span lang=\"EN-GB\">All the classic work is done manually and no chemical treatment (weed killer, pesticide) has ever been used at Coutet. The rich biotope and diverse flora surrounding the vine make it possible to practice healthy and sustainable agriculture, allowing natural predators known as \u201cpests\u201d to play a role in limiting erosion and controlling yields. Natural composts are added punctually.<\/span><\/strong><\/p>\n<p><span lang=\"EN-GB\">The vines are pruned in winter according to the double Guyot system, leaving two long canes, and additional work is done just after the flowering in order to regulate and choose the grape and foliage load of each vine. The lifting and the leaf thinning contribute to keep the vines and the harvest in good health. The grapes are obviously harvested by hand, in small crates, and the different varietals are picked at different dates, depending on their ripeness.<\/span>[\/vc_column_text][\/vc_column][vc_column width=&#8221;1\/6&#8243;][\/vc_column][\/vc_row][vc_row full_width=&#8221;stretch_row_content&#8221; content_placement=&#8221;middle&#8221; parallax=&#8221;content-moving&#8221; parallax_image=&#8221;105&#8243;][vc_column][vc_column_text css_animation=&#8221;bottom-to-top&#8221; el_class=&#8221;white-text&#8221;]<\/p>\n<h2 style=\"text-align: center;\">The&nbsp;Biotope<\/h2>\n<p>[\/vc_column_text][vc_row_inner][vc_column_inner width=&#8221;1\/6&#8243;][\/vc_column_inner][vc_column_inner width=&#8221;2\/6&#8243;][vc_column_text css_animation=&#8221;bottom-to-top&#8221; el_class=&#8221;white-text&#8221;]<span lang=\"EN-GB\">Coutet\u2019s location, at the top of the Saint-Martin de Mazerat plateau, offers a unique view to as far as several kilometres around:<\/span><\/p>\n<p><span lang=\"EN-US\">\u2022 T<\/span><span lang=\"EN-GB\">o the south, over the Entre-Deux-Mers hillsides on the left bank of the Dordogne river;<\/span><\/p>\n<p><span lang=\"EN-US\">\u2022 T<\/span><span lang=\"EN-GB\">o the west, on the Fronsac hillock and even to Bordeaux on clear days.<\/span><\/p>\n<p>At Coutet, nature has been particularly preserved: no weed killer or pesticide has ever been used. It is one of the rare places of the Saint-\u00c9milion region where some spinneys of pedunculate oaks, holm oaks and sessile oaks subsist. Fig trees are also well represented and some small, dry meadows are home to several orchid varieties.[\/vc_column_text][\/vc_column_inner][vc_column_inner width=&#8221;2\/6&#8243;][vc_column_text css_animation=&#8221;bottom-to-top&#8221; el_class=&#8221;white-text&#8221;]Springtime is announced by the blooming of beautiful tulips and narcissus that light up the rows of vines still bare, whereas autumn gives walkers the opportunity to savour some figs, walnuts, apples, peaches, and pears along the paths.<\/p>\n<p>Both the varied flora and the diversified fauna enable the vines to thrive without any synthetic additive. Few estates offer discoveries of this kind.<\/p>\n<p>Saint-\u00c9milion and its vineyard are listed as a UNESCO World Heritage site. To understand why, you are welcome to come for a walk through Coutet at any time of the year.[\/vc_column_text][\/vc_column_inner][vc_column_inner width=&#8221;1\/6&#8243;][\/vc_column_inner][\/vc_row_inner][\/vc_column][\/vc_row][vc_row full_width=&#8221;stretch_row_content&#8221; content_placement=&#8221;middle&#8221; parallax=&#8221;content-moving&#8221; parallax_image=&#8221;115&#8243;][vc_column][vc_column_text css_animation=&#8221;bottom-to-top&#8221; el_class=&#8221;white-text&#8221;]<\/p>\n<h2 style=\"text-align: center;\">The Vineyard<\/h2>\n<p>[\/vc_column_text][vc_row_inner][vc_column_inner width=&#8221;1\/3&#8243;][vc_column_text css_animation=&#8221;bottom-to-top&#8221; el_class=&#8221;white-text&#8221;]<\/p>\n<p style=\"text-align: center;\"><strong><span lang=\"EN-GB\">The Saint-Martin plateau (4.5 ha)<\/span><\/strong><\/p>\n<p style=\"text-align: justify;\"><span lang=\"EN-GB\">These plots are located on the southwestern summit of the famous Saint-Martin de Mazerat plateau, facing southeast\/southwest. The centrepiece of this<em>terroir<\/em> is Peycocut, which stretches half over Beaus\u00e9jour and half over Coutet.<\/span><\/p>\n<p><span lang=\"EN-GB\">The subsoil, made of asteriated limestone, is covered with shallow, medium to fine textured, calcareous brown soil. The limestone rock shows in several places. This is the typical geological structure of the Saint-\u00c9milion plateau.<\/span><\/p>\n<p><span lang=\"EN-GB\">Peycocut was one of the first plots in Saint-\u00c9milion to be identified as exceptional. Indeed, on the 21<sup>st<\/sup>September 1541, the <em>Jurade<\/em> decided on the official harvest date after having seen \u201cPuycogut\u201d (see<em>M\u00e9moires du moine Brangier<\/em>).<\/span><\/p>\n<p><span class=\"apple-converted-space\"><span lang=\"EN-GB\">The plots on the Saint-Martin plateau are<\/span><\/span><span lang=\"EN-GB\"> Peycocut, le Journal (the newspaper), Les Pommiers (the apple trees), Martin, Les Vendangeurs (the grape-pickers), Le Plateau (the plateau) and Les Blaireaux (the badgers). They are surrounded by prestigious<em>Premiers Grands Crus Class\u00e9s<\/em> neighbours, Beaus\u00e9jour-B\u00e9cot, Beaus\u00e9jour-Duffau and Ang\u00e9lus, and by a <em>Grand Cru Class\u00e9<\/em> neighbour, Bellevue. Two other <em>Premiers Grands Crus Class\u00e9s<\/em>, Canon and Clos Fourtet, are situated within 500 m of Coutet.&nbsp;<\/span>[\/vc_column_text][\/vc_column_inner][vc_column_inner width=&#8221;1\/3&#8243;][vc_column_text css_animation=&#8221;bottom-to-top&#8221; el_class=&#8221;white-text&#8221;]<\/p>\n<div class=\"colonne_300\">\n<div class=\"contenu_actu\">\n<p style=\"text-align: center;\"><strong>The C\u00f4te de Franc (3.5 ha)<\/strong><\/p>\n<p><span lang=\"EN-GB\">The Saint-\u00c9milion C\u00f4te de Franc is the slope of the Saint-Martin plateau that descends towards Libourne. It describes a 90-degree arc of a circle, starting with a northwest aspect on the Franc Pourret&#8217;s side, and facing directly south in Coutet.<\/span><\/p>\n<p><span lang=\"EN-GB\">The rock is visible in several places up the hillside, and the ground, deeper than on the plateau, is made up of heavy, clay-limestone soil and of foot-of-the-slope clay-limestone soil. Many great Saint-\u00c9milion wines can be found on this type of soil.<\/span><\/p>\n<p><span lang=\"EN-GB\">The C\u00f4te de Franc is also one of the thirteen sites of the whole jurisdiction that the <em>jurats<\/em> had to visit before fixing the harvest date.<\/span><\/p>\n<p><span lang=\"EN-GB\">The plots on the hillside are La C\u00f4te (the hillside, south and north), L\u2019Escalier (the stairs), Le Squelette (the skeleton), Cucurot and half of Canon. They adjoin three <em>Grands Crus Class\u00e9s<\/em>.<\/span><\/p>\n<\/div>\n<\/div>\n<p>[\/vc_column_text][\/vc_column_inner][vc_column_inner width=&#8221;1\/3&#8243;][vc_column_text css_animation=&#8221;bottom-to-top&#8221; el_class=&#8221;white-text&#8221;]<\/p>\n<p style=\"text-align: center;\"><b><strong>The foot of the slope (5 ha)<\/strong><\/b><\/p>\n<p>In that place, the soil is mainly compounded of clayey sand recarbonated on the surface, lying partly on iron oxides not far below the surface.<\/p>\n<p>The plots at the foot of the slope are the other half of Canon, La Porte Rouge (the red door), La Toumi\u00e8le, Les Tilleuls (the lime trees), Chez Jeannot (Jeannot&#8217;s),&nbsp;Les Sables (the sands) and Les Peupliers (the poplars, north and south). These plots are encircled by three <i><em>Grands Crus Class\u00e9s<\/em><\/i>: Ang\u00e9lus, Le Couvent des Jacobins and Grand Mayne.[\/vc_column_text][\/vc_column_inner][\/vc_row_inner][\/vc_column][\/vc_row][vc_row full_width=&#8221;stretch_row_content_no_spaces&#8221; content_placement=&#8221;middle&#8221; css=&#8221;.vc_custom_1454346592451{background-color: #0a0a0a !important;background-position: 0 0 !important;background-repeat: no-repeat !important;}&#8221;][vc_column][vc_single_image image=&#8221;131&#8243; img_size=&#8221;full&#8221; alignment=&#8221;center&#8221; css_animation=&#8221;top-to-bottom&#8221;][\/vc_column][\/vc_row]<\/p>\n<p>&#8211;&gt;<\/p>\n","protected":false},"excerpt":{"rendered":"[vc_row full_width=&#8221;stretch_row_content&#8221; content_placement=&#8221;middle&#8221; parallax=&#8221;content-moving&#8221; parallax_image=&#8221;98&#8243; css=&#8221;.vc_custom_1454329108712{background-position: center;background-repeat: no-repeat !important;background-size: cover !important;}&#8221;][vc_column width=&#8221;1\/6&#8243;][\/vc_column][vc_column width=&#8221;2\/3&#8243;][vc_column_text css_animation=&#8221;bottom-to-top&#8221; el_class=&#8221;white-text&#8221;] The&nbsp;Terroir [\/vc_column_text][vc_column_text css_animation=&#8221;bottom-to-top&#8221; el_class=&#8221;white-text&#8221;]Chateau Coutet vineyard is established on the first hill of Saint-\u00c9milion, half a kilometre away from the village. Coutet\u2019s closest neighbours are all prestigious ch\u00e2teaux. Its vines have always been grown with the higher respect of the&#8230; <a class=\"view-article\" href=\"https:\/\/chateau-coutet.com\/en\/\">View Article<\/a>","protected":false},"author":2,"featured_media":0,"parent":0,"menu_order":0,"comment_status":"closed","ping_status":"closed","template":"","meta":{"footnotes":""},"class_list":["post-344","page","type-page","status-publish","hentry"],"yoast_head":"<!-- This site is optimized with the Yoast SEO plugin v26.7 - https:\/\/yoast.com\/wordpress\/plugins\/seo\/ -->\n<title>The Domain | Ch\u00e2teau Coutet<\/title>\n<meta name=\"robots\" content=\"index, follow, max-snippet:-1, max-image-preview:large, max-video-preview:-1\" \/>\n<link rel=\"canonical\" href=\"https:\/\/chateau-coutet.com\/en\/\" \/>\n<meta property=\"og:locale\" content=\"en_US\" \/>\n<meta property=\"og:type\" content=\"article\" \/>\n<meta property=\"og:title\" content=\"The Domain | Ch\u00e2teau Coutet\" \/>\n<meta property=\"og:description\" content=\"[vc_row full_width=&#8221;stretch_row_content&#8221; content_placement=&#8221;middle&#8221; parallax=&#8221;content-moving&#8221; parallax_image=&#8221;98&#8243; css=&#8221;.vc_custom_1454329108712{background-position: center;background-repeat: no-repeat !important;background-size: cover !important;}&#8221;][vc_column width=&#8221;1\/6&#8243;][\/vc_column][vc_column width=&#8221;2\/3&#8243;][vc_column_text css_animation=&#8221;bottom-to-top&#8221; el_class=&#8221;white-text&#8221;] The&nbsp;Terroir [\/vc_column_text][vc_column_text css_animation=&#8221;bottom-to-top&#8221; el_class=&#8221;white-text&#8221;]Chateau Coutet vineyard is established on the first hill of Saint-\u00c9milion, half a kilometre away from the village. Coutet\u2019s closest neighbours are all prestigious ch\u00e2teaux. Its vines have always been grown with the higher respect of the... View Article\" \/>\n<meta property=\"og:url\" content=\"https:\/\/chateau-coutet.com\/en\/\" \/>\n<meta property=\"og:site_name\" content=\"Ch\u00e2teau Coutet\" \/>\n<meta property=\"article:publisher\" content=\"https:\/\/www.facebook.com\/chateau.coutet.saint.emilion\" \/>\n<meta property=\"article:modified_time\" content=\"2023-04-27T15:30:48+00:00\" \/>\n<meta name=\"twitter:card\" content=\"summary_large_image\" \/>\n<meta name=\"twitter:label1\" content=\"Est. reading time\" \/>\n\t<meta name=\"twitter:data1\" content=\"6 minutes\" \/>\n<script type=\"application\/ld+json\" class=\"yoast-schema-graph\">{\"@context\":\"https:\/\/schema.org\",\"@graph\":[{\"@type\":\"WebPage\",\"@id\":\"https:\/\/chateau-coutet.com\/en\/\",\"url\":\"https:\/\/chateau-coutet.com\/en\/\",\"name\":\"The Domain | Ch\u00e2teau Coutet\",\"isPartOf\":{\"@id\":\"https:\/\/chateau-coutet.com\/#website\"},\"datePublished\":\"2016-02-17T19:39:07+00:00\",\"dateModified\":\"2023-04-27T15:30:48+00:00\",\"breadcrumb\":{\"@id\":\"https:\/\/chateau-coutet.com\/en\/#breadcrumb\"},\"inLanguage\":\"en-US\",\"potentialAction\":[{\"@type\":\"ReadAction\",\"target\":[\"https:\/\/chateau-coutet.com\/en\/\"]}]},{\"@type\":\"BreadcrumbList\",\"@id\":\"https:\/\/chateau-coutet.com\/en\/#breadcrumb\",\"itemListElement\":[{\"@type\":\"ListItem\",\"position\":1,\"name\":\"Accueil\",\"item\":\"https:\/\/chateau-coutet.com\/en\/\"},{\"@type\":\"ListItem\",\"position\":2,\"name\":\"The Domain\"}]},{\"@type\":\"WebSite\",\"@id\":\"https:\/\/chateau-coutet.com\/#website\",\"url\":\"https:\/\/chateau-coutet.com\/\",\"name\":\"Ch\u00e2teau Coutet \u2013 Saint-\u00c9milion Grand Cru\",\"description\":\"Saint Emilion Grand Cru\",\"potentialAction\":[{\"@type\":\"SearchAction\",\"target\":{\"@type\":\"EntryPoint\",\"urlTemplate\":\"https:\/\/chateau-coutet.com\/?s={search_term_string}\"},\"query-input\":{\"@type\":\"PropertyValueSpecification\",\"valueRequired\":true,\"valueName\":\"search_term_string\"}}],\"inLanguage\":\"en-US\"}]}<\/script>\n<!-- \/ Yoast SEO plugin. -->","yoast_head_json":{"title":"The Domain | Ch\u00e2teau Coutet","robots":{"index":"index","follow":"follow","max-snippet":"max-snippet:-1","max-image-preview":"max-image-preview:large","max-video-preview":"max-video-preview:-1"},"canonical":"https:\/\/chateau-coutet.com\/en\/","og_locale":"en_US","og_type":"article","og_title":"The Domain | Ch\u00e2teau Coutet","og_description":"[vc_row full_width=&#8221;stretch_row_content&#8221; content_placement=&#8221;middle&#8221; parallax=&#8221;content-moving&#8221; parallax_image=&#8221;98&#8243; css=&#8221;.vc_custom_1454329108712{background-position: center;background-repeat: no-repeat !important;background-size: cover !important;}&#8221;][vc_column width=&#8221;1\/6&#8243;][\/vc_column][vc_column width=&#8221;2\/3&#8243;][vc_column_text css_animation=&#8221;bottom-to-top&#8221; el_class=&#8221;white-text&#8221;] The&nbsp;Terroir [\/vc_column_text][vc_column_text css_animation=&#8221;bottom-to-top&#8221; el_class=&#8221;white-text&#8221;]Chateau Coutet vineyard is established on the first hill of Saint-\u00c9milion, half a kilometre away from the village. Coutet\u2019s closest neighbours are all prestigious ch\u00e2teaux. Its vines have always been grown with the higher respect of the... View Article","og_url":"https:\/\/chateau-coutet.com\/en\/","og_site_name":"Ch\u00e2teau Coutet","article_publisher":"https:\/\/www.facebook.com\/chateau.coutet.saint.emilion","article_modified_time":"2023-04-27T15:30:48+00:00","twitter_card":"summary_large_image","twitter_misc":{"Est. reading time":"6 minutes"},"schema":{"@context":"https:\/\/schema.org","@graph":[{"@type":"WebPage","@id":"https:\/\/chateau-coutet.com\/en\/","url":"https:\/\/chateau-coutet.com\/en\/","name":"The Domain | Ch\u00e2teau Coutet","isPartOf":{"@id":"https:\/\/chateau-coutet.com\/#website"},"datePublished":"2016-02-17T19:39:07+00:00","dateModified":"2023-04-27T15:30:48+00:00","breadcrumb":{"@id":"https:\/\/chateau-coutet.com\/en\/#breadcrumb"},"inLanguage":"en-US","potentialAction":[{"@type":"ReadAction","target":["https:\/\/chateau-coutet.com\/en\/"]}]},{"@type":"BreadcrumbList","@id":"https:\/\/chateau-coutet.com\/en\/#breadcrumb","itemListElement":[{"@type":"ListItem","position":1,"name":"Accueil","item":"https:\/\/chateau-coutet.com\/en\/"},{"@type":"ListItem","position":2,"name":"The Domain"}]},{"@type":"WebSite","@id":"https:\/\/chateau-coutet.com\/#website","url":"https:\/\/chateau-coutet.com\/","name":"Ch\u00e2teau Coutet \u2013 Saint-\u00c9milion Grand Cru","description":"Saint Emilion Grand Cru","potentialAction":[{"@type":"SearchAction","target":{"@type":"EntryPoint","urlTemplate":"https:\/\/chateau-coutet.com\/?s={search_term_string}"},"query-input":{"@type":"PropertyValueSpecification","valueRequired":true,"valueName":"search_term_string"}}],"inLanguage":"en-US"}]}},"_links":{"self":[{"href":"https:\/\/chateau-coutet.com\/en\/wp-json\/wp\/v2\/pages\/344","targetHints":{"allow":["GET"]}}],"collection":[{"href":"https:\/\/chateau-coutet.com\/en\/wp-json\/wp\/v2\/pages"}],"about":[{"href":"https:\/\/chateau-coutet.com\/en\/wp-json\/wp\/v2\/types\/page"}],"author":[{"embeddable":true,"href":"https:\/\/chateau-coutet.com\/en\/wp-json\/wp\/v2\/users\/2"}],"replies":[{"embeddable":true,"href":"https:\/\/chateau-coutet.com\/en\/wp-json\/wp\/v2\/comments?post=344"}],"version-history":[{"count":3,"href":"https:\/\/chateau-coutet.com\/en\/wp-json\/wp\/v2\/pages\/344\/revisions"}],"predecessor-version":[{"id":2475,"href":"https:\/\/chateau-coutet.com\/en\/wp-json\/wp\/v2\/pages\/344\/revisions\/2475"}],"wp:attachment":[{"href":"https:\/\/chateau-coutet.com\/en\/wp-json\/wp\/v2\/media?parent=344"}],"curies":[{"name":"wp","href":"https:\/\/api.w.org\/{rel}","templated":true}]}}