{"id":356,"date":"2016-02-18T13:06:36","date_gmt":"2016-02-18T12:06:36","guid":{"rendered":"http:\/\/chateau-coutet.wine\/?page_id=356&#038;lang=en"},"modified":"2016-07-22T09:43:06","modified_gmt":"2016-07-22T08:43:06","slug":"our-history","status":"publish","type":"page","link":"https:\/\/chateau-coutet.com\/en\/our-history\/","title":{"rendered":"Our History"},"content":{"rendered":"<p>[vc_row full_width=&#8221;stretch_row_content&#8221; content_placement=&#8221;middle&#8221; parallax=&#8221;content-moving&#8221; parallax_image=&#8221;138&#8243; css=&#8221;.vc_custom_1454348752087{background-position: center;background-repeat: no-repeat !important;background-size: cover !important;}&#8221;][vc_column width=&#8221;1\/4&#8243;][\/vc_column][vc_column width=&#8221;1\/2&#8243;][vc_column_text css_animation=&#8221;bottom-to-top&#8221; el_class=&#8221;white-text&#8221;]<\/p>\n<h2 style=\"text-align: center;\">Coutet\u2019s 400-year history<\/h2>\n<p style=\"text-align: center;\">from 1601 to the present<\/p>\n<p>[\/vc_column_text][vc_column_text css_animation=&#8221;bottom-to-top&#8221; el_class=&#8221;white-text&#8221;]<span lang=\"EN-GB\">Very ancient remains, wild tulips and Eastern Gladiolus left by the Romans, and the former name of the place, \u201cDomaine de Francs\u201d, are so many proves that it was already occupied during the Roman era.<\/span><\/p>\n<p><span lang=\"EN-GB\">In the XV<sup>th<\/sup> century, Sieur Fran\u00e7ois Coutet gave the estate its current name. In 1601, the vineyard became property of the mayor of Libourne, Thomas d\u2019Augereau, who was married to Marie David.<\/span><\/p>\n<p><span lang=\"EN-GB\">Handed down from generation to generation, Coutet has been intimately related to the David Beaulieu family for at least 400 years.<\/span><\/p>\n<p><span lang=\"EN-GB\">Its inhabitants have always produced a great Saint-\u00c9milion wine. In 1874, \u00c9douard F\u00e9ret, in his<span class=\"apple-converted-space\">\u00a0<\/span><em>Classification des vins (Classification of wines)<\/em><em>,<\/em> made the following remark:<\/span><\/p>\n<p><span lang=\"EN-GB\">\u201c<em>The<\/em> <em>Coutet estate is situated on one of the hillsides of Saint-\u00c9milion, in a fortunate position, overlooking the Dordogne valley with picturesque sites and a land which is highly favourable to the vine. The vineyard consists of 9 ha that spread partly over the plateau, partly over the southwest hillside. This beautiful situation can but bring about mellow wines remarkable with their lasting bouquet.<\/em>\u201d<\/span>[\/vc_column_text][\/vc_column][vc_column width=&#8221;1\/4&#8243;][\/vc_column][\/vc_row][vc_row full_width=&#8221;stretch_row_content&#8221; content_placement=&#8221;middle&#8221; parallax=&#8221;content-moving&#8221; parallax_image=&#8221;140&#8243;][vc_column][vc_column_text css_animation=&#8221;bottom-to-top&#8221; el_class=&#8221;white-text&#8221;]<\/p>\n<h2 style=\"text-align: center;\">Today<\/h2>\n<p>[\/vc_column_text][vc_row_inner][vc_column_inner width=&#8221;1\/6&#8243;][\/vc_column_inner][vc_column_inner width=&#8221;2\/6&#8243;][vc_column_text css_animation=&#8221;bottom-to-top&#8221; el_class=&#8221;white-text&#8221;]Three generations of the David Beaulieu family are currently living on the property. Ch\u00e2teau Coutet is still run by Alain, manager and winemaker, and his brother Xavier.<\/p>\n<p>The following generation \u2013 which is the 14<sup>th<\/sup> of the family living at Coutet \u2013 is also involved in the company. Adrien is in charge of sales while Matthieu, Mathilde and Rapha\u00eblle are actively engaged in the different activities of the vineyard.<\/p>\n<p>Being free from any trace of chemical activities, Coutet\u2019s land is currently being studied by various scientific bodies. In each season, the development of a distinctive flora and fauna raises many questions. The Mediterranean belt\u2019s microclimate and the presence of tritons and shrimps attract numerous visitors, who are curious and wish to know more about them.<\/p>\n<p>The estate, looking to the future and to the new, green technologies, makes its land available to research laboratories. The agronomy school of Bordeaux has installed temperature sensors and analyses the microbacteriological life developing there.<\/p>\n<p>The Vitirover company\u00a0(<a href=\"http:\/\/www.vitirover.com\/fr\/\">http:\/\/www.vitirover.com\/en\/<\/a>)\u00a0uses Coutet\u2019s vineyard as a study site to develop its solar-powered robot.[\/vc_column_text][\/vc_column_inner][vc_column_inner width=&#8221;2\/6&#8243;][vc_column_text css_animation=&#8221;bottom-to-top&#8221; el_class=&#8221;white-text&#8221;]Ch\u00e2teau Coutet has always been opening its doors to the public. Since 2013, the David Beaulieu family has wished to develop and organise its wine tourism offer in order to greet its visitors with the warmest welcome. The family, having grown and living on the property, is always pleased to share its history and anecdotes, its passion for nature and its vines, and thus pass on its knowledge of the <i><em>terroir<\/em><\/i> and offer visitors the chance to taste its wine.<\/p>\n<p>Given the richness that its 400-year long history on the estate brings to the family, developing wine tourism seems now an obvious move.<\/p>\n<p>A reception hall is currently under-going a major refurbishment in order to receive seminars, corporate &amp; association events, weddings, birthday parties and organise wine-tasting and wine-making workshops.<\/p>\n<p>This new activity takes place in a family context and a dynamic, traditional and friendly atmosphere.[\/vc_column_text][\/vc_column_inner][vc_column_inner width=&#8221;1\/6&#8243;][\/vc_column_inner][\/vc_row_inner][\/vc_column][\/vc_row][vc_row full_width=&#8221;stretch_row_content&#8221; content_placement=&#8221;middle&#8221; parallax=&#8221;content-moving&#8221; parallax_image=&#8221;142&#8243;][vc_column][vc_column_text css_animation=&#8221;bottom-to-top&#8221; el_class=&#8221;white-text&#8221;]<\/p>\n<h2 style=\"text-align: center;\">And Tomorrow?<\/h2>\n<p>[\/vc_column_text][vc_row_inner][vc_column_inner width=&#8221;1\/4&#8243;][\/vc_column_inner][vc_column_inner width=&#8221;1\/2&#8243;][vc_column_text css_animation=&#8221;bottom-to-top&#8221; el_class=&#8221;white-text&#8221;]By the year 2015, Ch\u00e2teau Coutet will most probably start using draught horses again to work in part of the vineyard. The family company still has some fallow land, which will soon be dedicated to the horses. After 30 years of tractor ploughing, the combination of horse ploughing and robotised grass cover management seems an obvious move. Thus, the soils will be less compacted and the work will be more environment-friendly and respectful of the mechanical health of the vines. (Experimental plots specially worked and vinified).<\/p>\n<p>The ch\u00e2teau staff is being restructured, with two new members joining the family team: Juliette, who is in charge of developing wine tourism, and Bastien, who is likely to manage the viticulture work.<\/p>\n<p>Finally, the Andr\u00e9 David Beaulieu Museum is to open soon. A renowned Naturalist and ornithologist, Andr\u00e9 David Beaulieu was a colonial administrator in French Indochina and manager of Ch\u00e2teau Coutet till 1969. Numerous remains of the colonial era and animals stuffed by him will be displayed in this museum dedicated to his memory. Archives of the estate dating back up to four centuries will also be among the objects of the museum.[\/vc_column_text][\/vc_column_inner][vc_column_inner width=&#8221;1\/4&#8243;][\/vc_column_inner][\/vc_row_inner][\/vc_column][\/vc_row]<\/p>\n","protected":false},"excerpt":{"rendered":"[vc_row full_width=&#8221;stretch_row_content&#8221; content_placement=&#8221;middle&#8221; parallax=&#8221;content-moving&#8221; parallax_image=&#8221;138&#8243; css=&#8221;.vc_custom_1454348752087{background-position: center;background-repeat: no-repeat !important;background-size: cover !important;}&#8221;][vc_column width=&#8221;1\/4&#8243;][\/vc_column][vc_column width=&#8221;1\/2&#8243;][vc_column_text css_animation=&#8221;bottom-to-top&#8221; el_class=&#8221;white-text&#8221;] Coutet\u2019s 400-year history from 1601 to the present [\/vc_column_text][vc_column_text css_animation=&#8221;bottom-to-top&#8221; el_class=&#8221;white-text&#8221;]Very ancient remains, wild tulips and Eastern Gladiolus left by the Romans, and the former name of the place, \u201cDomaine de Francs\u201d, are so many proves that it was already&#8230; <a class=\"view-article\" href=\"https:\/\/chateau-coutet.com\/en\/our-history\/\">View Article<\/a>","protected":false},"author":2,"featured_media":0,"parent":0,"menu_order":0,"comment_status":"closed","ping_status":"closed","template":"","meta":{"footnotes":""},"class_list":["post-356","page","type-page","status-publish","hentry"],"yoast_head":"<!-- This site is optimized with the Yoast SEO plugin v26.7 - https:\/\/yoast.com\/wordpress\/plugins\/seo\/ -->\n<title>Our History | Ch\u00e2teau Coutet<\/title>\n<meta name=\"robots\" content=\"index, follow, max-snippet:-1, max-image-preview:large, max-video-preview:-1\" \/>\n<link rel=\"canonical\" href=\"https:\/\/chateau-coutet.com\/en\/our-history\/\" \/>\n<meta property=\"og:locale\" content=\"en_US\" \/>\n<meta property=\"og:type\" content=\"article\" \/>\n<meta property=\"og:title\" content=\"Our History | Ch\u00e2teau Coutet\" \/>\n<meta property=\"og:description\" content=\"[vc_row full_width=&#8221;stretch_row_content&#8221; content_placement=&#8221;middle&#8221; parallax=&#8221;content-moving&#8221; parallax_image=&#8221;138&#8243; css=&#8221;.vc_custom_1454348752087{background-position: center;background-repeat: no-repeat !important;background-size: cover !important;}&#8221;][vc_column width=&#8221;1\/4&#8243;][\/vc_column][vc_column width=&#8221;1\/2&#8243;][vc_column_text css_animation=&#8221;bottom-to-top&#8221; el_class=&#8221;white-text&#8221;] Coutet\u2019s 400-year history from 1601 to the present [\/vc_column_text][vc_column_text css_animation=&#8221;bottom-to-top&#8221; el_class=&#8221;white-text&#8221;]Very ancient remains, wild tulips and Eastern Gladiolus left by the Romans, and the former name of the place, \u201cDomaine de Francs\u201d, are so many proves that it was already... View Article\" \/>\n<meta property=\"og:url\" content=\"https:\/\/chateau-coutet.com\/en\/our-history\/\" \/>\n<meta property=\"og:site_name\" content=\"Ch\u00e2teau Coutet\" \/>\n<meta property=\"article:publisher\" content=\"https:\/\/www.facebook.com\/chateau.coutet.saint.emilion\" \/>\n<meta property=\"article:modified_time\" content=\"2016-07-22T08:43:06+00:00\" \/>\n<meta name=\"twitter:card\" content=\"summary_large_image\" \/>\n<meta name=\"twitter:label1\" content=\"Est. reading time\" \/>\n\t<meta name=\"twitter:data1\" content=\"5 minutes\" \/>\n<script type=\"application\/ld+json\" class=\"yoast-schema-graph\">{\"@context\":\"https:\/\/schema.org\",\"@graph\":[{\"@type\":\"WebPage\",\"@id\":\"https:\/\/chateau-coutet.com\/en\/our-history\/\",\"url\":\"https:\/\/chateau-coutet.com\/en\/our-history\/\",\"name\":\"Our History | Ch\u00e2teau Coutet\",\"isPartOf\":{\"@id\":\"https:\/\/chateau-coutet.com\/#website\"},\"datePublished\":\"2016-02-18T12:06:36+00:00\",\"dateModified\":\"2016-07-22T08:43:06+00:00\",\"breadcrumb\":{\"@id\":\"https:\/\/chateau-coutet.com\/en\/our-history\/#breadcrumb\"},\"inLanguage\":\"en-US\",\"potentialAction\":[{\"@type\":\"ReadAction\",\"target\":[\"https:\/\/chateau-coutet.com\/en\/our-history\/\"]}]},{\"@type\":\"BreadcrumbList\",\"@id\":\"https:\/\/chateau-coutet.com\/en\/our-history\/#breadcrumb\",\"itemListElement\":[{\"@type\":\"ListItem\",\"position\":1,\"name\":\"Accueil\",\"item\":\"https:\/\/chateau-coutet.com\/en\/\"},{\"@type\":\"ListItem\",\"position\":2,\"name\":\"Our History\"}]},{\"@type\":\"WebSite\",\"@id\":\"https:\/\/chateau-coutet.com\/#website\",\"url\":\"https:\/\/chateau-coutet.com\/\",\"name\":\"Ch\u00e2teau Coutet \u2013 Saint-\u00c9milion Grand Cru\",\"description\":\"Saint Emilion Grand Cru\",\"potentialAction\":[{\"@type\":\"SearchAction\",\"target\":{\"@type\":\"EntryPoint\",\"urlTemplate\":\"https:\/\/chateau-coutet.com\/?s={search_term_string}\"},\"query-input\":{\"@type\":\"PropertyValueSpecification\",\"valueRequired\":true,\"valueName\":\"search_term_string\"}}],\"inLanguage\":\"en-US\"}]}<\/script>\n<!-- \/ Yoast SEO plugin. -->","yoast_head_json":{"title":"Our History | Ch\u00e2teau Coutet","robots":{"index":"index","follow":"follow","max-snippet":"max-snippet:-1","max-image-preview":"max-image-preview:large","max-video-preview":"max-video-preview:-1"},"canonical":"https:\/\/chateau-coutet.com\/en\/our-history\/","og_locale":"en_US","og_type":"article","og_title":"Our History | Ch\u00e2teau Coutet","og_description":"[vc_row full_width=&#8221;stretch_row_content&#8221; content_placement=&#8221;middle&#8221; parallax=&#8221;content-moving&#8221; parallax_image=&#8221;138&#8243; css=&#8221;.vc_custom_1454348752087{background-position: center;background-repeat: no-repeat !important;background-size: cover !important;}&#8221;][vc_column width=&#8221;1\/4&#8243;][\/vc_column][vc_column width=&#8221;1\/2&#8243;][vc_column_text css_animation=&#8221;bottom-to-top&#8221; el_class=&#8221;white-text&#8221;] Coutet\u2019s 400-year history from 1601 to the present [\/vc_column_text][vc_column_text css_animation=&#8221;bottom-to-top&#8221; el_class=&#8221;white-text&#8221;]Very ancient remains, wild tulips and Eastern Gladiolus left by the Romans, and the former name of the place, \u201cDomaine de Francs\u201d, are so many proves that it was already... View Article","og_url":"https:\/\/chateau-coutet.com\/en\/our-history\/","og_site_name":"Ch\u00e2teau Coutet","article_publisher":"https:\/\/www.facebook.com\/chateau.coutet.saint.emilion","article_modified_time":"2016-07-22T08:43:06+00:00","twitter_card":"summary_large_image","twitter_misc":{"Est. reading time":"5 minutes"},"schema":{"@context":"https:\/\/schema.org","@graph":[{"@type":"WebPage","@id":"https:\/\/chateau-coutet.com\/en\/our-history\/","url":"https:\/\/chateau-coutet.com\/en\/our-history\/","name":"Our History | Ch\u00e2teau Coutet","isPartOf":{"@id":"https:\/\/chateau-coutet.com\/#website"},"datePublished":"2016-02-18T12:06:36+00:00","dateModified":"2016-07-22T08:43:06+00:00","breadcrumb":{"@id":"https:\/\/chateau-coutet.com\/en\/our-history\/#breadcrumb"},"inLanguage":"en-US","potentialAction":[{"@type":"ReadAction","target":["https:\/\/chateau-coutet.com\/en\/our-history\/"]}]},{"@type":"BreadcrumbList","@id":"https:\/\/chateau-coutet.com\/en\/our-history\/#breadcrumb","itemListElement":[{"@type":"ListItem","position":1,"name":"Accueil","item":"https:\/\/chateau-coutet.com\/en\/"},{"@type":"ListItem","position":2,"name":"Our History"}]},{"@type":"WebSite","@id":"https:\/\/chateau-coutet.com\/#website","url":"https:\/\/chateau-coutet.com\/","name":"Ch\u00e2teau Coutet \u2013 Saint-\u00c9milion Grand Cru","description":"Saint Emilion Grand Cru","potentialAction":[{"@type":"SearchAction","target":{"@type":"EntryPoint","urlTemplate":"https:\/\/chateau-coutet.com\/?s={search_term_string}"},"query-input":{"@type":"PropertyValueSpecification","valueRequired":true,"valueName":"search_term_string"}}],"inLanguage":"en-US"}]}},"_links":{"self":[{"href":"https:\/\/chateau-coutet.com\/en\/wp-json\/wp\/v2\/pages\/356","targetHints":{"allow":["GET"]}}],"collection":[{"href":"https:\/\/chateau-coutet.com\/en\/wp-json\/wp\/v2\/pages"}],"about":[{"href":"https:\/\/chateau-coutet.com\/en\/wp-json\/wp\/v2\/types\/page"}],"author":[{"embeddable":true,"href":"https:\/\/chateau-coutet.com\/en\/wp-json\/wp\/v2\/users\/2"}],"replies":[{"embeddable":true,"href":"https:\/\/chateau-coutet.com\/en\/wp-json\/wp\/v2\/comments?post=356"}],"version-history":[{"count":2,"href":"https:\/\/chateau-coutet.com\/en\/wp-json\/wp\/v2\/pages\/356\/revisions"}],"predecessor-version":[{"id":2473,"href":"https:\/\/chateau-coutet.com\/en\/wp-json\/wp\/v2\/pages\/356\/revisions\/2473"}],"wp:attachment":[{"href":"https:\/\/chateau-coutet.com\/en\/wp-json\/wp\/v2\/media?parent=356"}],"curies":[{"name":"wp","href":"https:\/\/api.w.org\/{rel}","templated":true}]}}